{"id":919,"date":"2026-05-01T12:46:53","date_gmt":"2026-05-01T12:46:53","guid":{"rendered":"https:\/\/servicelar.com\/?post_type=product&#038;p=919"},"modified":"2026-05-01T12:46:53","modified_gmt":"2026-05-01T12:46:53","slug":"mudanca-de-casa","status":"publish","type":"product","link":"https:\/\/servicelar.com\/?product=mudanca-de-casa","title":{"rendered":"Mudan\u00e7a de casa"},"content":{"rendered":"<p>Servi\u00e7o de mudan\u00e7a de casa at\u00e9 30 km, ideal para pequenas e m\u00e9dias mudan\u00e7as residenciais. Fa\u00e7o o transporte dos seus bens de forma segura e organizada, garantindo cuidado no manuseamento e efici\u00eancia em todo o processo, desde a recolha at\u00e9 \u00e0 entrega no novo local.<\/p>\n<h3 data-section-id=\"1u1trwy\" data-start=\"396\" data-end=\"410\"><span role=\"text\"><strong data-start=\"400\" data-end=\"410\">Inclui<\/strong><\/span><\/h3>\n<p>Recolha de bens na morada de origem<\/p>\n<p>Transporte at\u00e9 30 km<\/p>\n<p>Carga e descarga dos artigos<\/p>\n<p>Manuseamento cuidadoso dos objetos<\/p>\n<p>Entrega na nova morada<\/p>\n<h3 data-section-id=\"1lvjb3k\" data-start=\"576\" data-end=\"594\"><span role=\"text\"><strong data-start=\"580\" data-end=\"594\">N\u00e3o inclui<\/strong><\/span><\/h3>\n<p>Embalagem de bens (salvo acordo pr\u00e9vio)<\/p>\n<p>Desmontagem ou montagem de m\u00f3veis<\/p>\n<p>Transporte de mudan\u00e7as de grande volume ou industriais<\/p>\n<p>Utiliza\u00e7\u00e3o de elevadores de carga ou servi\u00e7os especiais (se n\u00e3o acordado)<\/p>\n<p>Desloca\u00e7\u00f5es acima dos 30 km<\/p>\n","protected":false},"excerpt":{"rendered":"<p>Mudan\u00e7as de casa at\u00e9 30 km com transporte seguro e cuidado com os seus bens.<\/p>\n","protected":false},"featured_media":920,"template":"","meta":[],"product_brand":[],"product_cat":[24],"product_tag":[],"class_list":{"0":"post-919","1":"product","2":"type-product","3":"status-publish","4":"has-post-thumbnail","6":"product_cat-mudanca","8":"first","9":"instock","10":"shipping-taxable","11":"purchasable","12":"product-type-simple"},"_links":{"self":[{"href":"https:\/\/servicelar.com\/index.php?rest_route=\/wp\/v2\/product\/919","targetHints":{"allow":["GET"]}}],"collection":[{"href":"https:\/\/servicelar.com\/index.php?rest_route=\/wp\/v2\/product"}],"about":[{"href":"https:\/\/servicelar.com\/index.php?rest_route=\/wp\/v2\/types\/product"}],"version-history":[{"count":1,"href":"https:\/\/servicelar.com\/index.php?rest_route=\/wp\/v2\/product\/919\/revisions"}],"predecessor-version":[{"id":921,"href":"https:\/\/servicelar.com\/index.php?rest_route=\/wp\/v2\/product\/919\/revisions\/921"}],"wp:featuredmedia":[{"embeddable":true,"href":"https:\/\/servicelar.com\/index.php?rest_route=\/wp\/v2\/media\/920"}],"wp:attachment":[{"href":"https:\/\/servicelar.com\/index.php?rest_route=%2Fwp%2Fv2%2Fmedia&parent=919"}],"wp:term":[{"taxonomy":"product_brand","embeddable":true,"href":"https:\/\/servicelar.com\/index.php?rest_route=%2Fwp%2Fv2%2Fproduct_brand&post=919"},{"taxonomy":"product_cat","embeddable":true,"href":"https:\/\/servicelar.com\/index.php?rest_route=%2Fwp%2Fv2%2Fproduct_cat&post=919"},{"taxonomy":"product_tag","embeddable":true,"href":"https:\/\/servicelar.com\/index.php?rest_route=%2Fwp%2Fv2%2Fproduct_tag&post=919"}],"curies":[{"name":"wp","href":"https:\/\/api.w.org\/{rel}","templated":true}]}}