{"id":913,"date":"2026-05-01T12:28:04","date_gmt":"2026-05-01T12:28:04","guid":{"rendered":"https:\/\/servicelar.com\/?post_type=product&#038;p=913"},"modified":"2026-05-01T12:33:19","modified_gmt":"2026-05-01T12:33:19","slug":"limpeza-pos-obra","status":"publish","type":"product","link":"https:\/\/servicelar.com\/?product=limpeza-pos-obra","title":{"rendered":"Limpeza p\u00f3s-obra"},"content":{"rendered":"<p>Servi\u00e7o de limpeza p\u00f3s-obra \u00e0 hora, indicado para remo\u00e7\u00e3o de poeiras finas, res\u00edduos de constru\u00e7\u00e3o e sujidade resultante de obras ou remodela\u00e7\u00f5es. Trabalho com aten\u00e7\u00e3o ao detalhe para deixar o espa\u00e7o limpo, organizado e pronto a ser utilizado.<\/p>\n<h3 data-section-id=\"1u1trwy\" data-start=\"360\" data-end=\"374\"><span role=\"text\"><strong data-start=\"364\" data-end=\"374\">Inclui<\/strong><\/span><\/h3>\n<p>Remo\u00e7\u00e3o de p\u00f3 fino de obra<\/p>\n<p>Limpeza de pavimentos e rodap\u00e9s<\/p>\n<p>Limpeza de vidros, caixilharias e portas<\/p>\n<p>Limpeza de casas de banho e cozinhas<\/p>\n<p>Limpeza de superf\u00edcies e m\u00f3veis fixos<\/p>\n<p>Aspira\u00e7\u00e3o geral de todas as divis\u00f5es<\/p>\n<h3 data-section-id=\"1lvjb3k\" data-start=\"612\" data-end=\"630\"><span role=\"text\"><strong data-start=\"616\" data-end=\"630\">N\u00e3o inclui<\/strong><\/span><\/h3>\n<p>Remo\u00e7\u00e3o de entulho ou res\u00edduos pesados de obra<\/p>\n<p>Produtos ou equipamentos especiais (se n\u00e3o acordado)<\/p>\n<p>Limpeza em altura com andaimes ou equipamentos espec\u00edficos<\/p>\n<p>Repara\u00e7\u00f5es ou acabamentos de constru\u00e7\u00e3o<\/p>\n<p>&nbsp;<\/p>\n<p>&nbsp;<\/p>\n","protected":false},"excerpt":{"rendered":"<p>Limpeza p\u00f3s-obra \u00e0 hora para um espa\u00e7o limpo e pronto a usar.<\/p>\n","protected":false},"featured_media":914,"template":"","meta":[],"product_brand":[],"product_cat":[18],"product_tag":[],"class_list":{"0":"post-913","1":"product","2":"type-product","3":"status-publish","4":"has-post-thumbnail","6":"product_cat-limpeza","8":"first","9":"instock","10":"shipping-taxable","11":"purchasable","12":"product-type-simple"},"_links":{"self":[{"href":"https:\/\/servicelar.com\/index.php?rest_route=\/wp\/v2\/product\/913","targetHints":{"allow":["GET"]}}],"collection":[{"href":"https:\/\/servicelar.com\/index.php?rest_route=\/wp\/v2\/product"}],"about":[{"href":"https:\/\/servicelar.com\/index.php?rest_route=\/wp\/v2\/types\/product"}],"version-history":[{"count":1,"href":"https:\/\/servicelar.com\/index.php?rest_route=\/wp\/v2\/product\/913\/revisions"}],"predecessor-version":[{"id":915,"href":"https:\/\/servicelar.com\/index.php?rest_route=\/wp\/v2\/product\/913\/revisions\/915"}],"wp:featuredmedia":[{"embeddable":true,"href":"https:\/\/servicelar.com\/index.php?rest_route=\/wp\/v2\/media\/914"}],"wp:attachment":[{"href":"https:\/\/servicelar.com\/index.php?rest_route=%2Fwp%2Fv2%2Fmedia&parent=913"}],"wp:term":[{"taxonomy":"product_brand","embeddable":true,"href":"https:\/\/servicelar.com\/index.php?rest_route=%2Fwp%2Fv2%2Fproduct_brand&post=913"},{"taxonomy":"product_cat","embeddable":true,"href":"https:\/\/servicelar.com\/index.php?rest_route=%2Fwp%2Fv2%2Fproduct_cat&post=913"},{"taxonomy":"product_tag","embeddable":true,"href":"https:\/\/servicelar.com\/index.php?rest_route=%2Fwp%2Fv2%2Fproduct_tag&post=913"}],"curies":[{"name":"wp","href":"https:\/\/api.w.org\/{rel}","templated":true}]}}