{"id":907,"date":"2026-05-01T12:12:54","date_gmt":"2026-05-01T12:12:54","guid":{"rendered":"https:\/\/servicelar.com\/?post_type=product&#038;p=907"},"modified":"2026-05-01T12:12:54","modified_gmt":"2026-05-01T12:12:54","slug":"instalar-resguardo-de-banheira","status":"publish","type":"product","link":"https:\/\/servicelar.com\/?product=instalar-resguardo-de-banheira","title":{"rendered":"Instalar resguardo de banheira"},"content":{"rendered":"<p>Instala\u00e7\u00e3o de resguardo de banheira com montagem precisa e acabamento cuidado. Trabalho com diferentes tipos de resguardos (fixos, deslizantes ou articulados), garantindo fixa\u00e7\u00e3o segura, bom alinhamento e veda\u00e7\u00e3o adequada para evitar salpicos e infiltra\u00e7\u00f5es.<\/p>\n<h3 data-section-id=\"1u1trwy\" data-start=\"458\" data-end=\"472\"><span role=\"text\"><strong data-start=\"462\" data-end=\"472\">Inclui<\/strong><\/span><\/h3>\n<p>Montagem e instala\u00e7\u00e3o do resguardo de banheira<\/p>\n<p>Fixa\u00e7\u00e3o \u00e0 parede com alinhamento correto<\/p>\n<p>Aplica\u00e7\u00e3o de veda\u00e7\u00e3o (silicone)<\/p>\n<p>Ajustes finais para bom funcionamento (no caso de portas m\u00f3veis)<\/p>\n<p>Limpeza b\u00e1sica da \u00e1rea ap\u00f3s instala\u00e7\u00e3o<\/p>\n<h3 data-section-id=\"1lvjb3k\" data-start=\"718\" data-end=\"736\"><span role=\"text\"><strong data-start=\"722\" data-end=\"736\">N\u00e3o inclui<\/strong><\/span><\/h3>\n<p>Fornecimento do resguardo<\/p>\n<p>Remo\u00e7\u00e3o de estruturas antigas (se n\u00e3o acordado)<\/p>\n<p>Trabalhos em superf\u00edcies especiais (pedra, m\u00e1rmore, etc., se n\u00e3o combinado)<\/p>\n<p>Repara\u00e7\u00f5es ou altera\u00e7\u00f5es na banheira ou paredes<\/p>\n","protected":false},"excerpt":{"rendered":"<p>Instala\u00e7\u00e3o de resguardo de banheira com fixa\u00e7\u00e3o segura e veda\u00e7\u00e3o eficaz.<\/p>\n","protected":false},"featured_media":905,"template":"","meta":[],"product_brand":[],"product_cat":[23],"product_tag":[],"class_list":{"0":"post-907","1":"product","2":"type-product","3":"status-publish","4":"has-post-thumbnail","6":"product_cat-instalacao","8":"first","9":"instock","10":"shipping-taxable","11":"purchasable","12":"product-type-simple"},"_links":{"self":[{"href":"https:\/\/servicelar.com\/index.php?rest_route=\/wp\/v2\/product\/907","targetHints":{"allow":["GET"]}}],"collection":[{"href":"https:\/\/servicelar.com\/index.php?rest_route=\/wp\/v2\/product"}],"about":[{"href":"https:\/\/servicelar.com\/index.php?rest_route=\/wp\/v2\/types\/product"}],"version-history":[{"count":1,"href":"https:\/\/servicelar.com\/index.php?rest_route=\/wp\/v2\/product\/907\/revisions"}],"predecessor-version":[{"id":908,"href":"https:\/\/servicelar.com\/index.php?rest_route=\/wp\/v2\/product\/907\/revisions\/908"}],"wp:featuredmedia":[{"embeddable":true,"href":"https:\/\/servicelar.com\/index.php?rest_route=\/wp\/v2\/media\/905"}],"wp:attachment":[{"href":"https:\/\/servicelar.com\/index.php?rest_route=%2Fwp%2Fv2%2Fmedia&parent=907"}],"wp:term":[{"taxonomy":"product_brand","embeddable":true,"href":"https:\/\/servicelar.com\/index.php?rest_route=%2Fwp%2Fv2%2Fproduct_brand&post=907"},{"taxonomy":"product_cat","embeddable":true,"href":"https:\/\/servicelar.com\/index.php?rest_route=%2Fwp%2Fv2%2Fproduct_cat&post=907"},{"taxonomy":"product_tag","embeddable":true,"href":"https:\/\/servicelar.com\/index.php?rest_route=%2Fwp%2Fv2%2Fproduct_tag&post=907"}],"curies":[{"name":"wp","href":"https:\/\/api.w.org\/{rel}","templated":true}]}}