{"id":903,"date":"2026-05-01T12:06:36","date_gmt":"2026-05-01T12:06:36","guid":{"rendered":"https:\/\/servicelar.com\/?post_type=product&#038;p=903"},"modified":"2026-05-01T12:13:25","modified_gmt":"2026-05-01T12:13:25","slug":"instalar-coluna-de-duche","status":"publish","type":"product","link":"https:\/\/servicelar.com\/?product=instalar-coluna-de-duche","title":{"rendered":"Instalar coluna de duche"},"content":{"rendered":"<p>Instala\u00e7\u00e3o ou substitui\u00e7\u00e3o de coluna de duche com montagem precisa e segura. Trabalho com diferentes tipos de colunas (simples, com misturadora ou termost\u00e1tica), garantindo a correta liga\u00e7\u00e3o \u00e0 rede de \u00e1gua, fixa\u00e7\u00e3o firme e funcionamento eficiente, sem fugas.<\/p>\n<h3 data-section-id=\"1u1trwy\" data-start=\"477\" data-end=\"491\"><span role=\"text\"><strong data-start=\"481\" data-end=\"491\">Inclui<\/strong><\/span><\/h3>\n<p>Remo\u00e7\u00e3o da coluna de duche antiga (se aplic\u00e1vel)<\/p>\n<p>Instala\u00e7\u00e3o da nova coluna de duche<\/p>\n<p>Liga\u00e7\u00e3o \u00e0s redes de \u00e1gua quente e fria<\/p>\n<p>Fixa\u00e7\u00e3o e alinhamento correto na parede<\/p>\n<p>Testes de funcionamento e verifica\u00e7\u00e3o de fugas<\/p>\n<h3 data-section-id=\"1lvjb3k\" data-start=\"723\" data-end=\"741\"><span role=\"text\"><strong data-start=\"727\" data-end=\"741\">N\u00e3o inclui<\/strong><\/span><\/h3>\n<p>Fornecimento da coluna de duche<\/p>\n<p>Repara\u00e7\u00f5es ou altera\u00e7\u00f5es na canaliza\u00e7\u00e3o existente<\/p>\n<p>Trabalhos de perfura\u00e7\u00e3o em superf\u00edcies especiais (pedra, m\u00e1rmore, etc., se n\u00e3o acordado)<\/p>\n<p>Trabalhos de constru\u00e7\u00e3o ou adapta\u00e7\u00e3o da \u00e1rea de duche<\/p>\n","protected":false},"excerpt":{"rendered":"<p>Instala\u00e7\u00e3o e substitui\u00e7\u00e3o de coluna de duche com montagem segura e desempenho garantido.<\/p>\n","protected":false},"featured_media":906,"template":"","meta":[],"product_brand":[],"product_cat":[23],"product_tag":[],"class_list":{"0":"post-903","1":"product","2":"type-product","3":"status-publish","4":"has-post-thumbnail","6":"product_cat-instalacao","8":"first","9":"instock","10":"shipping-taxable","11":"purchasable","12":"product-type-simple"},"_links":{"self":[{"href":"https:\/\/servicelar.com\/index.php?rest_route=\/wp\/v2\/product\/903","targetHints":{"allow":["GET"]}}],"collection":[{"href":"https:\/\/servicelar.com\/index.php?rest_route=\/wp\/v2\/product"}],"about":[{"href":"https:\/\/servicelar.com\/index.php?rest_route=\/wp\/v2\/types\/product"}],"version-history":[{"count":2,"href":"https:\/\/servicelar.com\/index.php?rest_route=\/wp\/v2\/product\/903\/revisions"}],"predecessor-version":[{"id":909,"href":"https:\/\/servicelar.com\/index.php?rest_route=\/wp\/v2\/product\/903\/revisions\/909"}],"wp:featuredmedia":[{"embeddable":true,"href":"https:\/\/servicelar.com\/index.php?rest_route=\/wp\/v2\/media\/906"}],"wp:attachment":[{"href":"https:\/\/servicelar.com\/index.php?rest_route=%2Fwp%2Fv2%2Fmedia&parent=903"}],"wp:term":[{"taxonomy":"product_brand","embeddable":true,"href":"https:\/\/servicelar.com\/index.php?rest_route=%2Fwp%2Fv2%2Fproduct_brand&post=903"},{"taxonomy":"product_cat","embeddable":true,"href":"https:\/\/servicelar.com\/index.php?rest_route=%2Fwp%2Fv2%2Fproduct_cat&post=903"},{"taxonomy":"product_tag","embeddable":true,"href":"https:\/\/servicelar.com\/index.php?rest_route=%2Fwp%2Fv2%2Fproduct_tag&post=903"}],"curies":[{"name":"wp","href":"https:\/\/api.w.org\/{rel}","templated":true}]}}