{"id":899,"date":"2026-05-01T12:00:35","date_gmt":"2026-05-01T12:00:35","guid":{"rendered":"https:\/\/servicelar.com\/?post_type=product&#038;p=899"},"modified":"2026-05-01T12:00:35","modified_gmt":"2026-05-01T12:00:35","slug":"instalar-ou-substituir-tampo-de-sanita","status":"publish","type":"product","link":"https:\/\/servicelar.com\/?product=instalar-ou-substituir-tampo-de-sanita","title":{"rendered":"Instalar ou substituir tampo de sanita"},"content":{"rendered":"<p>Instala\u00e7\u00e3o ou substitui\u00e7\u00e3o de tampo de sanita de forma r\u00e1pida e segura. Fa\u00e7o a montagem de diferentes tipos de tampas (universais, com queda amortecida, etc.), garantindo um encaixe correto, fixa\u00e7\u00e3o firme e alinhamento adequado para maior conforto e durabilidade.<\/p>\n<h3 data-section-id=\"1u1trwy\" data-start=\"468\" data-end=\"482\"><span role=\"text\"><strong data-start=\"472\" data-end=\"482\">Inclui<\/strong><\/span><\/h3>\n<p>Remo\u00e7\u00e3o do tampo antigo (se aplic\u00e1vel)<\/p>\n<p>Instala\u00e7\u00e3o do novo tampo de sanita<\/p>\n<p>Ajuste e alinhamento correto<\/p>\n<p>Fixa\u00e7\u00e3o segura<\/p>\n<p>Testes de estabilidade e funcionamento<\/p>\n<h3 data-section-id=\"1lvjb3k\" data-start=\"661\" data-end=\"679\"><span role=\"text\"><strong data-start=\"665\" data-end=\"679\">N\u00e3o inclui<\/strong><\/span><\/h3>\n<p>Fornecimento do tampo de sanita<\/p>\n<p>Repara\u00e7\u00e3o ou substitui\u00e7\u00e3o da loi\u00e7a sanit\u00e1ria<\/p>\n<p>Trabalhos adicionais de canaliza\u00e7\u00e3o<\/p>\n<p>Interven\u00e7\u00f5es fora da \u00e1rea da sanita<\/p>\n","protected":false},"excerpt":{"rendered":"<p>Instala\u00e7\u00e3o e substitui\u00e7\u00e3o de tampo de sanita com ajuste perfeito e fixa\u00e7\u00e3o segura.<\/p>\n","protected":false},"featured_media":775,"template":"","meta":[],"product_brand":[],"product_cat":[23],"product_tag":[],"class_list":{"0":"post-899","1":"product","2":"type-product","3":"status-publish","4":"has-post-thumbnail","6":"product_cat-instalacao","8":"first","9":"instock","10":"shipping-taxable","11":"purchasable","12":"product-type-simple"},"_links":{"self":[{"href":"https:\/\/servicelar.com\/index.php?rest_route=\/wp\/v2\/product\/899","targetHints":{"allow":["GET"]}}],"collection":[{"href":"https:\/\/servicelar.com\/index.php?rest_route=\/wp\/v2\/product"}],"about":[{"href":"https:\/\/servicelar.com\/index.php?rest_route=\/wp\/v2\/types\/product"}],"version-history":[{"count":1,"href":"https:\/\/servicelar.com\/index.php?rest_route=\/wp\/v2\/product\/899\/revisions"}],"predecessor-version":[{"id":900,"href":"https:\/\/servicelar.com\/index.php?rest_route=\/wp\/v2\/product\/899\/revisions\/900"}],"wp:featuredmedia":[{"embeddable":true,"href":"https:\/\/servicelar.com\/index.php?rest_route=\/wp\/v2\/media\/775"}],"wp:attachment":[{"href":"https:\/\/servicelar.com\/index.php?rest_route=%2Fwp%2Fv2%2Fmedia&parent=899"}],"wp:term":[{"taxonomy":"product_brand","embeddable":true,"href":"https:\/\/servicelar.com\/index.php?rest_route=%2Fwp%2Fv2%2Fproduct_brand&post=899"},{"taxonomy":"product_cat","embeddable":true,"href":"https:\/\/servicelar.com\/index.php?rest_route=%2Fwp%2Fv2%2Fproduct_cat&post=899"},{"taxonomy":"product_tag","embeddable":true,"href":"https:\/\/servicelar.com\/index.php?rest_route=%2Fwp%2Fv2%2Fproduct_tag&post=899"}],"curies":[{"name":"wp","href":"https:\/\/api.w.org\/{rel}","templated":true}]}}