{"id":896,"date":"2026-05-01T11:57:08","date_gmt":"2026-05-01T11:57:08","guid":{"rendered":"https:\/\/servicelar.com\/?post_type=product&#038;p=896"},"modified":"2026-05-01T11:57:08","modified_gmt":"2026-05-01T11:57:08","slug":"instalar-ou-substituir-torneira-de-lavatorio","status":"publish","type":"product","link":"https:\/\/servicelar.com\/?product=instalar-ou-substituir-torneira-de-lavatorio","title":{"rendered":"Instalar ou substituir torneira de lavat\u00f3rio"},"content":{"rendered":"<p>Instala\u00e7\u00e3o ou substitui\u00e7\u00e3o de torneiras de lavat\u00f3rio com acabamento cuidado e funcionamento garantido. Realizo a montagem de diferentes tipos de torneiras, assegurando liga\u00e7\u00f5es corretas, veda\u00e7\u00e3o eficiente e testes completos para evitar fugas e garantir um uso seguro no dia a dia.<\/p>\n<h3 data-section-id=\"1u1trwy\" data-start=\"481\" data-end=\"495\"><span role=\"text\"><strong data-start=\"485\" data-end=\"495\">Inclui<\/strong><\/span><\/h3>\n<p>Remo\u00e7\u00e3o da torneira antiga (se aplic\u00e1vel)<\/p>\n<p>Instala\u00e7\u00e3o da nova torneira<\/p>\n<p>Liga\u00e7\u00e3o \u00e0s redes de \u00e1gua quente e fria<\/p>\n<p>Ajustes e fixa\u00e7\u00e3o correta<\/p>\n<p>Testes de funcionamento e verifica\u00e7\u00e3o de fugas<\/p>\n<h3 data-section-id=\"1lvjb3k\" data-start=\"699\" data-end=\"717\"><span role=\"text\"><strong data-start=\"703\" data-end=\"717\">N\u00e3o inclui<\/strong><\/span><\/h3>\n<p>Fornecimento da torneira ou acess\u00f3rios<\/p>\n<p>Repara\u00e7\u00f5es adicionais na canaliza\u00e7\u00e3o existente<\/p>\n<p>Trabalhos de adapta\u00e7\u00e3o no m\u00f3vel ou lavat\u00f3rio<\/p>\n<p>Interven\u00e7\u00f5es fora da \u00e1rea do lavat\u00f3rio<\/p>\n","protected":false},"excerpt":{"rendered":"<p>Instala\u00e7\u00e3o e substitui\u00e7\u00e3o de torneiras de lavat\u00f3rio com montagem segura e sem fugas.<\/p>\n","protected":false},"featured_media":897,"template":"","meta":[],"product_brand":[],"product_cat":[20,23],"product_tag":[],"class_list":{"0":"post-896","1":"product","2":"type-product","3":"status-publish","4":"has-post-thumbnail","6":"product_cat-canalizacao","7":"product_cat-instalacao","9":"first","10":"instock","11":"shipping-taxable","12":"purchasable","13":"product-type-simple"},"_links":{"self":[{"href":"https:\/\/servicelar.com\/index.php?rest_route=\/wp\/v2\/product\/896","targetHints":{"allow":["GET"]}}],"collection":[{"href":"https:\/\/servicelar.com\/index.php?rest_route=\/wp\/v2\/product"}],"about":[{"href":"https:\/\/servicelar.com\/index.php?rest_route=\/wp\/v2\/types\/product"}],"version-history":[{"count":1,"href":"https:\/\/servicelar.com\/index.php?rest_route=\/wp\/v2\/product\/896\/revisions"}],"predecessor-version":[{"id":898,"href":"https:\/\/servicelar.com\/index.php?rest_route=\/wp\/v2\/product\/896\/revisions\/898"}],"wp:featuredmedia":[{"embeddable":true,"href":"https:\/\/servicelar.com\/index.php?rest_route=\/wp\/v2\/media\/897"}],"wp:attachment":[{"href":"https:\/\/servicelar.com\/index.php?rest_route=%2Fwp%2Fv2%2Fmedia&parent=896"}],"wp:term":[{"taxonomy":"product_brand","embeddable":true,"href":"https:\/\/servicelar.com\/index.php?rest_route=%2Fwp%2Fv2%2Fproduct_brand&post=896"},{"taxonomy":"product_cat","embeddable":true,"href":"https:\/\/servicelar.com\/index.php?rest_route=%2Fwp%2Fv2%2Fproduct_cat&post=896"},{"taxonomy":"product_tag","embeddable":true,"href":"https:\/\/servicelar.com\/index.php?rest_route=%2Fwp%2Fv2%2Fproduct_tag&post=896"}],"curies":[{"name":"wp","href":"https:\/\/api.w.org\/{rel}","templated":true}]}}