{"id":754,"date":"2026-03-31T20:16:49","date_gmt":"2026-03-31T20:16:49","guid":{"rendered":"https:\/\/servicelar.com\/?post_type=product&#038;p=754"},"modified":"2026-03-31T20:17:41","modified_gmt":"2026-03-31T20:17:41","slug":"fixar-suporte-de-tv","status":"publish","type":"product","link":"https:\/\/servicelar.com\/?product=fixar-suporte-de-tv","title":{"rendered":"Fixar suporte de TV"},"content":{"rendered":"<p>Instala\u00e7\u00e3o de suporte de TV com fixa\u00e7\u00e3o segura \u00e0 parede, alinhamento correto e verifica\u00e7\u00e3o de estabilidade. Inclui montagem do suporte e prepara\u00e7\u00e3o para coloca\u00e7\u00e3o da televis\u00e3o.<\/p>\n<h3>\u2705 O que inclui:<\/h3>\n<hr \/>\n<p>\u2705 Marca\u00e7\u00e3o e fura\u00e7\u00e3o<\/p>\n<p>\u2705 Aplica\u00e7\u00e3o de buchas e parafusos adequados<\/p>\n<p>\u2705 Fixa\u00e7\u00e3o do suporte \u00e0 parede<\/p>\n<p>\u2705 Nivelamento e verifica\u00e7\u00e3o de estabilidade<\/p>\n<h3 data-section-id=\"c0nc08\" data-start=\"435\" data-end=\"458\">\u274e\u00a0 O que n\u00e3o inclui:<\/h3>\n<hr \/>\n<p>\u274e Instala\u00e7\u00e3o el\u00e9trica ou passagem de cabos<\/p>\n<p>\u274e Fixa\u00e7\u00e3o da TV (salvo acordo pr\u00e9vio)<\/p>\n<p>\u274e Fornecimento de materiais<\/p>\n<p>\u274e Repara\u00e7\u00e3o de paredes<\/p>\n<p>\u274e Desmontagem de suportes antigos (salvo acordo pr\u00e9vio)<\/p>\n","protected":false},"excerpt":{"rendered":"<p>TV segura, bem alinhada e pronta a usar.<\/p>\n","protected":false},"featured_media":755,"template":"","meta":[],"product_brand":[],"product_cat":[23],"product_tag":[],"class_list":{"0":"post-754","1":"product","2":"type-product","3":"status-publish","4":"has-post-thumbnail","6":"product_cat-instalacao","8":"first","9":"instock","10":"shipping-taxable","11":"purchasable","12":"product-type-simple"},"_links":{"self":[{"href":"https:\/\/servicelar.com\/index.php?rest_route=\/wp\/v2\/product\/754","targetHints":{"allow":["GET"]}}],"collection":[{"href":"https:\/\/servicelar.com\/index.php?rest_route=\/wp\/v2\/product"}],"about":[{"href":"https:\/\/servicelar.com\/index.php?rest_route=\/wp\/v2\/types\/product"}],"version-history":[{"count":2,"href":"https:\/\/servicelar.com\/index.php?rest_route=\/wp\/v2\/product\/754\/revisions"}],"predecessor-version":[{"id":757,"href":"https:\/\/servicelar.com\/index.php?rest_route=\/wp\/v2\/product\/754\/revisions\/757"}],"wp:featuredmedia":[{"embeddable":true,"href":"https:\/\/servicelar.com\/index.php?rest_route=\/wp\/v2\/media\/755"}],"wp:attachment":[{"href":"https:\/\/servicelar.com\/index.php?rest_route=%2Fwp%2Fv2%2Fmedia&parent=754"}],"wp:term":[{"taxonomy":"product_brand","embeddable":true,"href":"https:\/\/servicelar.com\/index.php?rest_route=%2Fwp%2Fv2%2Fproduct_brand&post=754"},{"taxonomy":"product_cat","embeddable":true,"href":"https:\/\/servicelar.com\/index.php?rest_route=%2Fwp%2Fv2%2Fproduct_cat&post=754"},{"taxonomy":"product_tag","embeddable":true,"href":"https:\/\/servicelar.com\/index.php?rest_route=%2Fwp%2Fv2%2Fproduct_tag&post=754"}],"curies":[{"name":"wp","href":"https:\/\/api.w.org\/{rel}","templated":true}]}}