{"id":750,"date":"2026-03-31T20:11:33","date_gmt":"2026-03-31T20:11:33","guid":{"rendered":"https:\/\/servicelar.com\/?post_type=product&#038;p=750"},"modified":"2026-03-31T20:11:33","modified_gmt":"2026-03-31T20:11:33","slug":"fixar-movel-a-parede","status":"publish","type":"product","link":"https:\/\/servicelar.com\/?product=fixar-movel-a-parede","title":{"rendered":"Fixar m\u00f3vel a parede"},"content":{"rendered":"<p>Servi\u00e7o de fixa\u00e7\u00e3o de m\u00f3veis \u00e0 parede, garantindo instala\u00e7\u00e3o segura, nivelada e adequada ao tipo de superf\u00edcie. Ideal para aumentar a estabilidade e seguran\u00e7a no uso di\u00e1rio.<\/p>\n<h3 data-section-id=\"195hvwd\" data-start=\"256\" data-end=\"276\">\u2705 O que inclui:<\/h3>\n<hr \/>\n<p>\u2705 Marca\u00e7\u00e3o e fura\u00e7\u00e3o<\/p>\n<p>\u2705 Aplica\u00e7\u00e3o de buchas e parafusos adequados<\/p>\n<p>\u2705 Fixa\u00e7\u00e3o e nivelamento do m\u00f3vel<\/p>\n<p>\u2705 Verifica\u00e7\u00e3o de estabilidade<\/p>\n<h3 data-section-id=\"c0nc08\" data-start=\"419\" data-end=\"442\">\u274e O que n\u00e3o inclui:<\/h3>\n<hr \/>\n<p>\u274e Fornecimento de m\u00f3veis<\/p>\n<p>\u274e Altera\u00e7\u00f5es estruturais na parede<\/p>\n<p>\u274e Repara\u00e7\u00e3o de paredes danificadas<\/p>\n<p>\u274e Desmontagem de m\u00f3veis<\/p>\n<p>\u274e Montagem de m\u00f3veis<\/p>\n","protected":false},"excerpt":{"rendered":"<p>Fixa\u00e7\u00e3o segura e alinhamento perfeito.<\/p>\n","protected":false},"featured_media":751,"template":"","meta":[],"product_brand":[],"product_cat":[23],"product_tag":[],"class_list":{"0":"post-750","1":"product","2":"type-product","3":"status-publish","4":"has-post-thumbnail","6":"product_cat-instalacao","8":"first","9":"instock","10":"shipping-taxable","11":"purchasable","12":"product-type-simple"},"_links":{"self":[{"href":"https:\/\/servicelar.com\/index.php?rest_route=\/wp\/v2\/product\/750","targetHints":{"allow":["GET"]}}],"collection":[{"href":"https:\/\/servicelar.com\/index.php?rest_route=\/wp\/v2\/product"}],"about":[{"href":"https:\/\/servicelar.com\/index.php?rest_route=\/wp\/v2\/types\/product"}],"version-history":[{"count":1,"href":"https:\/\/servicelar.com\/index.php?rest_route=\/wp\/v2\/product\/750\/revisions"}],"predecessor-version":[{"id":752,"href":"https:\/\/servicelar.com\/index.php?rest_route=\/wp\/v2\/product\/750\/revisions\/752"}],"wp:featuredmedia":[{"embeddable":true,"href":"https:\/\/servicelar.com\/index.php?rest_route=\/wp\/v2\/media\/751"}],"wp:attachment":[{"href":"https:\/\/servicelar.com\/index.php?rest_route=%2Fwp%2Fv2%2Fmedia&parent=750"}],"wp:term":[{"taxonomy":"product_brand","embeddable":true,"href":"https:\/\/servicelar.com\/index.php?rest_route=%2Fwp%2Fv2%2Fproduct_brand&post=750"},{"taxonomy":"product_cat","embeddable":true,"href":"https:\/\/servicelar.com\/index.php?rest_route=%2Fwp%2Fv2%2Fproduct_cat&post=750"},{"taxonomy":"product_tag","embeddable":true,"href":"https:\/\/servicelar.com\/index.php?rest_route=%2Fwp%2Fv2%2Fproduct_tag&post=750"}],"curies":[{"name":"wp","href":"https:\/\/api.w.org\/{rel}","templated":true}]}}