{"id":743,"date":"2026-03-31T19:53:40","date_gmt":"2026-03-31T19:53:40","guid":{"rendered":"https:\/\/servicelar.com\/?post_type=product&#038;p=743"},"modified":"2026-03-31T19:54:20","modified_gmt":"2026-03-31T19:54:20","slug":"montagem-de-mesa","status":"publish","type":"product","link":"https:\/\/servicelar.com\/?product=montagem-de-mesa","title":{"rendered":"Montagem de mesa"},"content":{"rendered":"<p>Montagem de mesa conforme instru\u00e7\u00f5es do fabricante, garantindo estabilidade, nivelamento e fixa\u00e7\u00e3o segura dos componentes. Inclui montagem completa e ajustes finais. N\u00e3o inclui transporte nem remo\u00e7\u00e3o de m\u00f3veis antigos.<\/p>\n<h3 data-section-id=\"195hvwd\" data-start=\"40\" data-end=\"60\">\u2705 O que inclui:<\/h3>\n<hr \/>\n<p>\u2705 Montagem completa da mesa<\/p>\n<p>\u2705 Fixa\u00e7\u00e3o de p\u00e9s\/estrutura<\/p>\n<p>\u2705 Alinhamento e nivelamento<\/p>\n<p>\u2705 Aperto e verifica\u00e7\u00e3o de estabilidade<\/p>\n<p>\u2705 Limpeza b\u00e1sica da \u00e1rea<\/p>\n<p>\u274e O que n\u00e3o inclui:<\/p>\n<hr \/>\n<p>\u274e Transporte da mesa<\/p>\n<p>\u274e Fixa\u00e7\u00e3o ao ch\u00e3o ou parede<\/p>\n<p>\u274e Desmontagem de m\u00f3veis antigos<\/p>\n<p>\u274e Altera\u00e7\u00f5es fora das instru\u00e7\u00f5es do fabricante<\/p>\n<p>\u274e Remo\u00e7\u00e3o de embalagens<\/p>\n<p>\u274e Fornecimento de materiais<\/p>\n","protected":false},"excerpt":{"rendered":"<p>Montagem r\u00e1pida, est\u00e1vel e pronta a usar.<\/p>\n","protected":false},"featured_media":744,"template":"","meta":[],"product_brand":[],"product_cat":[22],"product_tag":[],"class_list":{"0":"post-743","1":"product","2":"type-product","3":"status-publish","4":"has-post-thumbnail","6":"product_cat-montagem","8":"first","9":"instock","10":"shipping-taxable","11":"purchasable","12":"product-type-simple"},"_links":{"self":[{"href":"https:\/\/servicelar.com\/index.php?rest_route=\/wp\/v2\/product\/743","targetHints":{"allow":["GET"]}}],"collection":[{"href":"https:\/\/servicelar.com\/index.php?rest_route=\/wp\/v2\/product"}],"about":[{"href":"https:\/\/servicelar.com\/index.php?rest_route=\/wp\/v2\/types\/product"}],"version-history":[{"count":2,"href":"https:\/\/servicelar.com\/index.php?rest_route=\/wp\/v2\/product\/743\/revisions"}],"predecessor-version":[{"id":746,"href":"https:\/\/servicelar.com\/index.php?rest_route=\/wp\/v2\/product\/743\/revisions\/746"}],"wp:featuredmedia":[{"embeddable":true,"href":"https:\/\/servicelar.com\/index.php?rest_route=\/wp\/v2\/media\/744"}],"wp:attachment":[{"href":"https:\/\/servicelar.com\/index.php?rest_route=%2Fwp%2Fv2%2Fmedia&parent=743"}],"wp:term":[{"taxonomy":"product_brand","embeddable":true,"href":"https:\/\/servicelar.com\/index.php?rest_route=%2Fwp%2Fv2%2Fproduct_brand&post=743"},{"taxonomy":"product_cat","embeddable":true,"href":"https:\/\/servicelar.com\/index.php?rest_route=%2Fwp%2Fv2%2Fproduct_cat&post=743"},{"taxonomy":"product_tag","embeddable":true,"href":"https:\/\/servicelar.com\/index.php?rest_route=%2Fwp%2Fv2%2Fproduct_tag&post=743"}],"curies":[{"name":"wp","href":"https:\/\/api.w.org\/{rel}","templated":true}]}}