{"id":739,"date":"2026-03-31T19:45:37","date_gmt":"2026-03-31T19:45:37","guid":{"rendered":"https:\/\/servicelar.com\/?post_type=product&#038;p=739"},"modified":"2026-03-31T19:46:27","modified_gmt":"2026-03-31T19:46:27","slug":"montar-comoda","status":"publish","type":"product","link":"https:\/\/servicelar.com\/?product=montar-comoda","title":{"rendered":"Montagem de  c\u00f3moda"},"content":{"rendered":"<p>Servi\u00e7o de montagem de c\u00f3moda de acordo com as instru\u00e7\u00f5es do fabricante, garantindo estabilidade, alinhamento e funcionamento correto de gavetas e portas.<\/p>\n<h4 data-section-id=\"195hvwd\" data-start=\"274\" data-end=\"294\">\u2705\u00a0O que inclui:<\/h4>\n<hr \/>\n<p>\u2705\u00a0Montagem completa da estrutura<\/p>\n<p>\u2705\u00a0Instala\u00e7\u00e3o de gavetas, corredi\u00e7as e puxadores<\/p>\n<p>\u2705\u00a0Ajuste e alinhamento final<\/p>\n<p>\u2705\u00a0Verifica\u00e7\u00e3o de estabilidade<\/p>\n<p>\u2705\u00a0Limpeza b\u00e1sica da \u00e1rea ap\u00f3s montagem<\/p>\n<h3><span style=\"color: #ff0000;\">\u274e\u00a0<\/span>O que n\u00e3o inclui:<\/h3>\n<hr \/>\n<p><span style=\"color: #ff0000;\">\u274e\u00a0<\/span>Fixa\u00e7\u00e3o \u00e0 parede<\/p>\n<p><span style=\"color: #ff0000;\">\u274e<\/span>\u00a0Transporte do m\u00f3vel<\/p>\n<p><span style=\"color: #ff0000;\">\u274e<\/span>\u00a0Desmontagem de m\u00f3veis antigos<\/p>\n<p><span style=\"color: #ff0000;\">\u274e<\/span>\u00a0Altera\u00e7\u00f5es ou adapta\u00e7\u00f5es fora do manual<\/p>\n<p><span style=\"color: #ff0000;\">\u274e<\/span> Remo\u00e7\u00e3o de embalagens<\/p>\n<p><span style=\"color: #ff0000;\">\u274e\u00a0<span style=\"color: #000000;\">Fornecimento de materiais<\/span><\/span><\/p>\n","protected":false},"excerpt":{"rendered":"<p>Montagem r\u00e1pida, segura e com acabamento profissional.<\/p>\n","protected":false},"featured_media":740,"template":"","meta":[],"product_brand":[],"product_cat":[22],"product_tag":[],"class_list":{"0":"post-739","1":"product","2":"type-product","3":"status-publish","4":"has-post-thumbnail","6":"product_cat-montagem","8":"first","9":"instock","10":"shipping-taxable","11":"purchasable","12":"product-type-simple"},"_links":{"self":[{"href":"https:\/\/servicelar.com\/index.php?rest_route=\/wp\/v2\/product\/739","targetHints":{"allow":["GET"]}}],"collection":[{"href":"https:\/\/servicelar.com\/index.php?rest_route=\/wp\/v2\/product"}],"about":[{"href":"https:\/\/servicelar.com\/index.php?rest_route=\/wp\/v2\/types\/product"}],"version-history":[{"count":2,"href":"https:\/\/servicelar.com\/index.php?rest_route=\/wp\/v2\/product\/739\/revisions"}],"predecessor-version":[{"id":742,"href":"https:\/\/servicelar.com\/index.php?rest_route=\/wp\/v2\/product\/739\/revisions\/742"}],"wp:featuredmedia":[{"embeddable":true,"href":"https:\/\/servicelar.com\/index.php?rest_route=\/wp\/v2\/media\/740"}],"wp:attachment":[{"href":"https:\/\/servicelar.com\/index.php?rest_route=%2Fwp%2Fv2%2Fmedia&parent=739"}],"wp:term":[{"taxonomy":"product_brand","embeddable":true,"href":"https:\/\/servicelar.com\/index.php?rest_route=%2Fwp%2Fv2%2Fproduct_brand&post=739"},{"taxonomy":"product_cat","embeddable":true,"href":"https:\/\/servicelar.com\/index.php?rest_route=%2Fwp%2Fv2%2Fproduct_cat&post=739"},{"taxonomy":"product_tag","embeddable":true,"href":"https:\/\/servicelar.com\/index.php?rest_route=%2Fwp%2Fv2%2Fproduct_tag&post=739"}],"curies":[{"name":"wp","href":"https:\/\/api.w.org\/{rel}","templated":true}]}}