{"id":452,"date":"2026-03-28T13:41:51","date_gmt":"2026-03-28T13:41:51","guid":{"rendered":"https:\/\/servicelar.com\/?post_type=product&#038;p=452"},"modified":"2026-03-31T14:08:21","modified_gmt":"2026-03-31T14:08:21","slug":"reparacao-de-piso","status":"publish","type":"product","link":"https:\/\/servicelar.com\/?product=reparacao-de-piso","title":{"rendered":"Repara\u00e7\u00e3o de piso"},"content":{"rendered":"<p>Repara\u00e7\u00e3o r\u00e1pida e eficaz para restaurar o seu piso como novo.<\/p>\n","protected":false},"excerpt":{"rendered":"<p data-section-id=\"s8x2jj\" data-start=\"71\" data-end=\"93\"><span role=\"text\"><strong data-start=\"77\" data-end=\"93\">O QUE EST\u00c1 INCLU\u00cdDO<\/strong><\/span><\/p>\n<hr \/>\n<ul data-start=\"94\" data-end=\"343\">\n<li data-section-id=\"1qe8j9k\" data-start=\"94\" data-end=\"127\">\u00a0Avalia\u00e7\u00e3o do estado do piso<\/li>\n<li data-section-id=\"15d8c7j\" data-start=\"128\" data-end=\"175\">\u00a0Repara\u00e7\u00e3o de fissuras, rachaduras e danos<\/li>\n<li data-section-id=\"11m4inn\" data-start=\"176\" data-end=\"220\">\u00a0Corre\u00e7\u00e3o de imperfei\u00e7\u00f5es e nivelamento<\/li>\n<li data-section-id=\"2smg46\" data-start=\"221\" data-end=\"258\">\u00a0Tratamento de riscos e desgaste<\/li>\n<li data-section-id=\"18p0x8i\" data-start=\"259\" data-end=\"299\">\u00a0Acabamento uniforme e profissional<\/li>\n<li data-section-id=\"1oplx02\" data-start=\"300\" data-end=\"343\">\u00a0Limpeza final da \u00e1rea intervencionada<\/li>\n<\/ul>\n<p>&nbsp;<\/p>\n<p data-section-id=\"s8x2jj\" data-start=\"71\" data-end=\"93\"><span role=\"text\"><strong data-start=\"77\" data-end=\"93\">O QUE N\u00c3O EST\u00c1 INCLUIDO<\/strong><\/span><\/p>\n<hr \/>\n<ul data-start=\"94\" data-end=\"343\">\n<li data-section-id=\"1qe8j9k\" data-start=\"94\" data-end=\"127\">\u00a0Fornecimento de materiais<\/li>\n<\/ul>\n","protected":false},"featured_media":736,"template":"","meta":[],"product_brand":[],"product_cat":[21],"product_tag":[],"class_list":{"0":"post-452","1":"product","2":"type-product","3":"status-publish","4":"has-post-thumbnail","6":"product_cat-reparacao","8":"first","9":"instock","10":"shipping-taxable","11":"purchasable","12":"product-type-simple"},"_links":{"self":[{"href":"https:\/\/servicelar.com\/index.php?rest_route=\/wp\/v2\/product\/452","targetHints":{"allow":["GET"]}}],"collection":[{"href":"https:\/\/servicelar.com\/index.php?rest_route=\/wp\/v2\/product"}],"about":[{"href":"https:\/\/servicelar.com\/index.php?rest_route=\/wp\/v2\/types\/product"}],"version-history":[{"count":4,"href":"https:\/\/servicelar.com\/index.php?rest_route=\/wp\/v2\/product\/452\/revisions"}],"predecessor-version":[{"id":633,"href":"https:\/\/servicelar.com\/index.php?rest_route=\/wp\/v2\/product\/452\/revisions\/633"}],"wp:featuredmedia":[{"embeddable":true,"href":"https:\/\/servicelar.com\/index.php?rest_route=\/wp\/v2\/media\/736"}],"wp:attachment":[{"href":"https:\/\/servicelar.com\/index.php?rest_route=%2Fwp%2Fv2%2Fmedia&parent=452"}],"wp:term":[{"taxonomy":"product_brand","embeddable":true,"href":"https:\/\/servicelar.com\/index.php?rest_route=%2Fwp%2Fv2%2Fproduct_brand&post=452"},{"taxonomy":"product_cat","embeddable":true,"href":"https:\/\/servicelar.com\/index.php?rest_route=%2Fwp%2Fv2%2Fproduct_cat&post=452"},{"taxonomy":"product_tag","embeddable":true,"href":"https:\/\/servicelar.com\/index.php?rest_route=%2Fwp%2Fv2%2Fproduct_tag&post=452"}],"curies":[{"name":"wp","href":"https:\/\/api.w.org\/{rel}","templated":true}]}}