{"id":179,"date":"2026-03-22T10:06:08","date_gmt":"2026-03-22T10:06:08","guid":{"rendered":"https:\/\/servicelar.com\/?post_type=product&#038;p=179"},"modified":"2026-04-14T20:50:45","modified_gmt":"2026-04-14T20:50:45","slug":"instalacao-de-disjuntor","status":"publish","type":"product","link":"https:\/\/servicelar.com\/?product=instalacao-de-disjuntor","title":{"rendered":"Instala\u00e7\u00e3o ou substitui\u00e7\u00e3o de disjuntor"},"content":{"rendered":"\t\t<div data-elementor-type=\"product-post\" data-elementor-id=\"179\" class=\"elementor elementor-179\" data-elementor-post-type=\"product\">\n\t\t\t\t<div class=\"elementor-element elementor-element-3bd026d e-flex e-con-boxed e-con e-parent\" data-id=\"3bd026d\" data-element_type=\"container\" data-e-type=\"container\">\n\t\t\t\t\t<div class=\"e-con-inner\">\n\t\t\t\t<div class=\"elementor-element elementor-element-2f6d4c8 elementor-widget elementor-widget-woocommerce-product-short-description\" data-id=\"2f6d4c8\" data-element_type=\"widget\" data-e-type=\"widget\" data-widget_type=\"woocommerce-product-short-description.default\">\n\t\t\t\t\t<div class=\"woocommerce-product-details__short-description\">\n\t<p>Instala\u00e7\u00e3o ou substitui\u00e7\u00e3o de disjuntor (N\u00e3o inclui passagem de fios e fornecimento de materiais).<\/p>\n<\/div>\n\t\t\t\t<\/div>\n\t\t\t\t\t<\/div>\n\t\t\t\t<\/div>\n\t\t\t\t<\/div>\n\t\t","protected":false},"excerpt":{"rendered":"<p>Instala\u00e7\u00e3o ou substitui\u00e7\u00e3o de disjuntor (N\u00e3o inclui passagem de fios e fornecimento de materiais).<\/p>\n","protected":false},"featured_media":678,"template":"","meta":[],"product_brand":[],"product_cat":[19],"product_tag":[],"class_list":{"0":"post-179","1":"product","2":"type-product","3":"status-publish","4":"has-post-thumbnail","6":"product_cat-eletricidade","8":"first","9":"instock","10":"shipping-taxable","11":"purchasable","12":"product-type-simple"},"_links":{"self":[{"href":"https:\/\/servicelar.com\/index.php?rest_route=\/wp\/v2\/product\/179","targetHints":{"allow":["GET"]}}],"collection":[{"href":"https:\/\/servicelar.com\/index.php?rest_route=\/wp\/v2\/product"}],"about":[{"href":"https:\/\/servicelar.com\/index.php?rest_route=\/wp\/v2\/types\/product"}],"version-history":[{"count":13,"href":"https:\/\/servicelar.com\/index.php?rest_route=\/wp\/v2\/product\/179\/revisions"}],"predecessor-version":[{"id":435,"href":"https:\/\/servicelar.com\/index.php?rest_route=\/wp\/v2\/product\/179\/revisions\/435"}],"wp:featuredmedia":[{"embeddable":true,"href":"https:\/\/servicelar.com\/index.php?rest_route=\/wp\/v2\/media\/678"}],"wp:attachment":[{"href":"https:\/\/servicelar.com\/index.php?rest_route=%2Fwp%2Fv2%2Fmedia&parent=179"}],"wp:term":[{"taxonomy":"product_brand","embeddable":true,"href":"https:\/\/servicelar.com\/index.php?rest_route=%2Fwp%2Fv2%2Fproduct_brand&post=179"},{"taxonomy":"product_cat","embeddable":true,"href":"https:\/\/servicelar.com\/index.php?rest_route=%2Fwp%2Fv2%2Fproduct_cat&post=179"},{"taxonomy":"product_tag","embeddable":true,"href":"https:\/\/servicelar.com\/index.php?rest_route=%2Fwp%2Fv2%2Fproduct_tag&post=179"}],"curies":[{"name":"wp","href":"https:\/\/api.w.org\/{rel}","templated":true}]}}