{"id":138,"date":"2026-03-21T14:32:09","date_gmt":"2026-03-21T14:32:09","guid":{"rendered":"https:\/\/servicelar.com\/?post_type=product&#038;p=138"},"modified":"2026-04-14T20:50:19","modified_gmt":"2026-04-14T20:50:19","slug":"instalacao-de-interruptor","status":"publish","type":"product","link":"https:\/\/servicelar.com\/?product=instalacao-de-interruptor","title":{"rendered":"Instala\u00e7\u00e3o ou substitui\u00e7\u00e3o de interruptor"},"content":{"rendered":"<p>Servi\u00e7o r\u00e1pido, seguro e com acabamento profissional.<\/p>\n","protected":false},"excerpt":{"rendered":"<p>O QUE EST\u00c1 INCLU\u00cdDO<\/p>\n<hr \/>\n<ul data-spread=\"false\">\n<li>Instala\u00e7\u00e3o de interruptor simples ou duplo<\/li>\n<li>Substitui\u00e7\u00e3o de interruptores antigos ou com defeito<\/li>\n<li>Verifica\u00e7\u00e3o das liga\u00e7\u00f5es el\u00e9tricas<\/li>\n<li>Fixa\u00e7\u00e3o segura e alinhamento correto<\/li>\n<li>Teste de funcionamento ap\u00f3s instala\u00e7\u00e3o<\/li>\n<li>Acabamento limpo e organizado<\/li>\n<\/ul>\n<p>&nbsp;<\/p>\n<p>O QUE N\u00c3O EST\u00c1 INCLU\u00cdDO<\/p>\n<hr \/>\n<ul data-spread=\"false\">\n<li>Passagem de fios<\/li>\n<li>Fornecimento de materiais<\/li>\n<\/ul>\n","protected":false},"featured_media":680,"template":"","meta":[],"product_brand":[],"product_cat":[19],"product_tag":[],"class_list":{"0":"post-138","1":"product","2":"type-product","3":"status-publish","4":"has-post-thumbnail","6":"product_cat-eletricidade","8":"first","9":"instock","10":"shipping-taxable","11":"purchasable","12":"product-type-simple"},"_links":{"self":[{"href":"https:\/\/servicelar.com\/index.php?rest_route=\/wp\/v2\/product\/138","targetHints":{"allow":["GET"]}}],"collection":[{"href":"https:\/\/servicelar.com\/index.php?rest_route=\/wp\/v2\/product"}],"about":[{"href":"https:\/\/servicelar.com\/index.php?rest_route=\/wp\/v2\/types\/product"}],"version-history":[{"count":5,"href":"https:\/\/servicelar.com\/index.php?rest_route=\/wp\/v2\/product\/138\/revisions"}],"predecessor-version":[{"id":497,"href":"https:\/\/servicelar.com\/index.php?rest_route=\/wp\/v2\/product\/138\/revisions\/497"}],"wp:featuredmedia":[{"embeddable":true,"href":"https:\/\/servicelar.com\/index.php?rest_route=\/wp\/v2\/media\/680"}],"wp:attachment":[{"href":"https:\/\/servicelar.com\/index.php?rest_route=%2Fwp%2Fv2%2Fmedia&parent=138"}],"wp:term":[{"taxonomy":"product_brand","embeddable":true,"href":"https:\/\/servicelar.com\/index.php?rest_route=%2Fwp%2Fv2%2Fproduct_brand&post=138"},{"taxonomy":"product_cat","embeddable":true,"href":"https:\/\/servicelar.com\/index.php?rest_route=%2Fwp%2Fv2%2Fproduct_cat&post=138"},{"taxonomy":"product_tag","embeddable":true,"href":"https:\/\/servicelar.com\/index.php?rest_route=%2Fwp%2Fv2%2Fproduct_tag&post=138"}],"curies":[{"name":"wp","href":"https:\/\/api.w.org\/{rel}","templated":true}]}}